{"id":2321,"date":"2024-05-02T12:36:09","date_gmt":"2024-05-02T18:36:09","guid":{"rendered":"https:\/\/karbonarts.com\/wordpress\/?page_id=2321"},"modified":"2026-04-27T20:21:50","modified_gmt":"2026-04-28T02:21:50","slug":"astro-servicios","status":"publish","type":"page","link":"https:\/\/karbonarts.com\/wordpress\/astro-servicios\/","title":{"rendered":"Astro"},"content":{"rendered":"\n<p>La astrolog\u00eda y el tarot son dos herramientas que durante mucho tiempo han orientado la vida de las personas. La astrolog\u00eda nos ayuda a saber de tr\u00e1nsitos y movimientos en el cielo, por lo que nos da una gu\u00eda precisa de los temas y fechas que podemos aprovechar para avanzar en nuestro prop\u00f3sito de vida. El tarot, en cambio, nos ofrece una br\u00fajula sobre las energ\u00edas y personajes que pueden verse involucrados en nuestra vida diaria.<\/p>\n\n\n\n<p> Aqu\u00ed puedes encontrar algunos servicios personalizados que he preparado para ayudarte a conectar con la mejor versi\u00f3n de ti mismx, as\u00ed como con tu prop\u00f3sito de vida.<\/p>\n\n\n\n<hr class=\"wp-block-separator has-alpha-channel-opacity\"\/>\n\n\n\n<p class=\"has-text-align-center has-medium-font-size\"><strong>HOR\u00d3SCOPOS Y CARTA ASTRAL<\/strong><\/p>\n\n\n\n<p><strong>Hor\u00f3scopo semanal personalizado $650 MXN<\/strong><\/p>\n\n\n\n<p>Recibe un hor\u00f3scopo personalizado semanal de tu signo, seg\u00fan tu ascendente. Con base en los datos de tu carta natal, ent\u00e9rate de c\u00f3mo te estar\u00e1n afectando los tr\u00e1nsitos actuales durante los pr\u00f3ximos 7 d\u00edas. (Indispensable conocer fecha, hora y lugar de nacimiento). <\/p>\n\n\n\n<p><\/p>\n\n\n\n<p><strong>Hor\u00f3scopo quincenal personalizado $950 MXN<\/strong><\/p>\n\n\n\n<p>Recibe un hor\u00f3scopo personalizado quincenal de tu signo, seg\u00fan tu ascendente. Con base en los datos de tu carta natal, ent\u00e9rate de c\u00f3mo te estar\u00e1n afectando los tr\u00e1nsitos actuales durante los pr\u00f3ximos 15 d\u00edas. (Indispensable conocer fecha, hora y lugar de nacimiento). <\/p>\n\n\n\n<p><\/p>\n\n\n\n<p><strong>Hor\u00f3scopo mensual personalizado \/ Revoluci\u00f3n lunar $1,500 MXN<\/strong><\/p>\n\n\n\n<p>Recibe un hor\u00f3scopo personalizado mensual de tu signo, seg\u00fan ascendente. Con base en los datos de tu carta natal, ent\u00e9rate de c\u00f3mo te estar\u00e1n afectando los tr\u00e1nsitos actuales durante los pr\u00f3ximos 28 d\u00edas. (Indispensable conocer fecha, hora y lugar de nacimiento). <\/p>\n\n\n\n<p><\/p>\n\n\n\n<p><strong>Lectura de carta natal $3,200 MXN<\/strong><\/p>\n\n\n\n<p>Sesi\u00f3n virtual (o presencial solo en CDMX) en la que podr\u00e1s conocer cu\u00e1les son los puntos evolutivos, anti evolutivos, as\u00ed como tu prop\u00f3sito\/misi\u00f3n en esta vida. Conoceremos a fondo tu sol, luna, ascendente y herida, as\u00ed como el significado de tus nodos del karma. Analizaremos los aspectos arm\u00f3nicos y disarm\u00f3nicos m\u00e1s destacados de tu carta natal, as\u00ed como los tr\u00e1nsitos del a\u00f1o en curso. (Indispensable conocer fecha, hora y lugar de nacimiento). <\/p>\n\n\n\n<p><\/p>\n\n\n\n<p><strong>Revoluci\u00f3n solar $2,800 MXN<\/strong><\/p>\n\n\n\n<p>Sesi\u00f3n virtual (o presencial solo en CDMX) en la que podr\u00e1s conocer los aspectos arm\u00f3nicos y disarm\u00f3nicos m\u00e1s destacados del a\u00f1o en curso y c\u00f3mo afectan a tu carta natal. (Indispensable haberse realizado carta natal antes). <\/p>\n\n\n\n<p><\/p>\n\n\n\n<p><strong>Sinastr\u00eda y carta compuesta $4,800<\/strong><\/p>\n\n\n\n<p>Sesi\u00f3n virtual (o presencial solo en CDMX) en la que podr\u00e1s conocer los aspectos arm\u00f3nicos y disarm\u00f3nicos de ti y de otra persona significativa en tu vida (padre, madre, descendientes, pareja). Para esta sesi\u00f3n, ambas personas deben estar presentes y deben conocer su datos de nacimiento.<\/p>\n\n\n\n<p class=\"has-text-align-center has-medium-font-size\"><strong>LECTURA DE TAROT Y OR\u00c1CULOS<\/strong><\/p>\n\n\n\n<p><strong>Lectura b\u00e1sica general $500<\/strong><\/p>\n\n\n\n<p>Incluye: tirada de 9 cartas m\u00e9todo Lenormand y complemento con 4 or\u00e1culos. Sugerida para preguntas generales o si solo quieres conocer el estado de tu energ\u00eda en el momento. <\/p>\n\n\n\n<p><\/p>\n\n\n\n<p><strong>Lectura profunda general o de pregunta espec\u00edfica $850<\/strong><\/p>\n\n\n\n<p>Sesi\u00f3n virtual (o presencial solo en CDMX) que incluye: tirada de 7 cartas m\u00e9todo Lenormand, tirada de hasta 19 cartas de tarot y complemento de 4 or\u00e1culos. Sugerida para temas en particular de los que quieres conocer mayor informaci\u00f3n, o si solo quieres saber el estado de tu energ\u00eda en el momento con mayor detalle.<\/p>\n\n\n\n<p><\/p>\n\n\n\n<p><strong>Lectura revoluci\u00f3n lunar $650<\/strong><\/p>\n\n\n\n<p>Sesi\u00f3n virtual (o presencial solo en CDMX) que incluye: tirada de 9 cartas m\u00e9todo Lenormand y cuatro or\u00e1culos complementarios. Sugerida para saber los temas del mes en cuesti\u00f3n. Recomendada para cada revoluci\u00f3n lunar o antes de inicio de mes. <\/p>\n\n\n\n<p><\/p>\n\n\n\n<p><strong>Lectura profunda general o de pregunta espec\u00edfica (2 mazos) $1,200<\/strong><\/p>\n\n\n\n<p>Sesi\u00f3n virtual (o presencial solo en CDMX) que incluye: tirada de 7 cartas m\u00e9todo Lenormand, tirada de hasta 44 cartas de tarot con dos mazos y complemento de 4 or\u00e1culos. Sugerida para temas en particular de los que quieres conocer informaci\u00f3n a detalle y con un mayor panorama, o si solo quieres saber el estado de tu energ\u00eda en el momento con mayor precisi\u00f3n. <\/p>\n\n\n\n<p><\/p>\n\n\n\n<p><strong>Lectura anual m\u00e9todo Lenormand $3,200<\/strong><\/p>\n\n\n\n<p>Sesi\u00f3n virtual (o presencial solo en CDMX) que incluye: tirada de 36 cartas en total con el m\u00e9todo Lenormand, con el cual se especifica mes a mes los mensajes por recibir. Complemento con 12 cartas de tarot (1 por mes), m\u00e1s 3 or\u00e1culos por mes (36 cartas en total). Sugerida para cuando quieras saber los temas y eventos por suceder para los 365 d\u00edas siguientes. <\/p>\n\n\n\n<hr class=\"wp-block-separator has-alpha-channel-opacity\"\/>\n\n\n\n<p>Si tienes dudas adicionales, o te gustar\u00eda preguntar algo en particular, puedo ayudarte a dise\u00f1ar un servicio personalizado seg\u00fan tus necesidades. Cont\u00e1ctame a trav\u00e9s de mis redes sociales en <a href=\"https:\/\/www.instagram.com\/karbonarts\/\" data-type=\"link\" data-id=\"https:\/\/www.instagram.com\/karbonarts\/?hl=es\">Instagram<\/a> o <a href=\"https:\/\/twitter.com\/karbonarts\" data-type=\"link\" data-id=\"https:\/\/twitter.com\/karbonarts\">X<\/a> m\u00e1ndandome un mensaje a @karbonarts.<\/p>\n\n\n\n<p class=\"has-small-font-size\"><strong>T\u00c9RMINOS Y CONDICIONES<\/strong><\/p>\n\n\n\n<p class=\"has-small-font-size\">Todos los servicios presentados en esta p\u00e1gina son NO REEMBOLSABLES. Los hor\u00f3scopos y las lecturas de tarot se enviar\u00e1n al correo electr\u00f3nico o m\u00e9todo de contacto seleccionado en un periodo de 24 a 48 horas posterior a la fecha de la compra. Para las sesiones virtuales o presenciales, se acordar\u00e1 la fecha y hora (y lugar, cuando aplique), determinada por ambas partes. Sesiones presenciales en el domicilio de lx cliente, se deber\u00e1 pagar un extra de $200 MXN adicionales a su servicio. <\/p>\n\n\n\n<p class=\"has-small-font-size\">Las sesiones virtuales o presenciales solo pueden ser pospuestas 1 \u00fanica vez, en caso de que la persona contratante no pueda presentarse a la cita. Una segunda cancelaci\u00f3n implica la compra de un nuevo servicio.<\/p>\n\n\n\n<p class=\"has-small-font-size\">Todos estos servicios tienen fines orientativos y funcionan como una gu\u00eda. La decisi\u00f3n \u00faltima sobre las acciones emprendidas a partir de estos servicios, as\u00ed como sus posibles repercusiones, son responsabilidad exclusiva de lxs clientes. <\/p>\n\n\n\n<p class=\"has-small-font-size\">Por cuestiones \u00e9ticas, los temas de salud y legales se encuentran excluidos de los servicios.<\/p>\n\n\n\n<p><\/p>\n\n\n\n<p><\/p>\n","protected":false},"excerpt":{"rendered":"<p>La astrolog\u00eda y el tarot son dos herramientas que durante mucho tiempo han orientado la vida de las personas. La astrolog\u00eda nos ayuda a saber de tr\u00e1nsitos y movimientos en el cielo, por lo que nos da una gu\u00eda precisa de los temas y fechas que podemos aprovechar para avanzar en nuestro prop\u00f3sito de vida. [&hellip;]<\/p>\n","protected":false},"author":1,"featured_media":0,"parent":0,"menu_order":0,"comment_status":"closed","ping_status":"closed","template":"","meta":{"footnotes":""},"class_list":["post-2321","page","type-page","status-publish","hentry"],"_links":{"self":[{"href":"https:\/\/karbonarts.com\/wordpress\/wp-json\/wp\/v2\/pages\/2321","targetHints":{"allow":["GET"]}}],"collection":[{"href":"https:\/\/karbonarts.com\/wordpress\/wp-json\/wp\/v2\/pages"}],"about":[{"href":"https:\/\/karbonarts.com\/wordpress\/wp-json\/wp\/v2\/types\/page"}],"author":[{"embeddable":true,"href":"https:\/\/karbonarts.com\/wordpress\/wp-json\/wp\/v2\/users\/1"}],"replies":[{"embeddable":true,"href":"https:\/\/karbonarts.com\/wordpress\/wp-json\/wp\/v2\/comments?post=2321"}],"version-history":[{"count":38,"href":"https:\/\/karbonarts.com\/wordpress\/wp-json\/wp\/v2\/pages\/2321\/revisions"}],"predecessor-version":[{"id":2400,"href":"https:\/\/karbonarts.com\/wordpress\/wp-json\/wp\/v2\/pages\/2321\/revisions\/2400"}],"wp:attachment":[{"href":"https:\/\/karbonarts.com\/wordpress\/wp-json\/wp\/v2\/media?parent=2321"}],"curies":[{"name":"wp","href":"https:\/\/api.w.org\/{rel}","templated":true}]}}